{"id":9894,"date":"2025-01-22T19:02:33","date_gmt":"2025-01-22T22:02:33","guid":{"rendered":"https:\/\/pump.algodigital.com.br\/?page_id=9894"},"modified":"2025-03-23T11:11:58","modified_gmt":"2025-03-23T14:11:58","slug":"ambiental-y-social","status":"publish","type":"page","link":"https:\/\/pumpamerica.com.br\/es\/ambiental-y-social\/","title":{"rendered":"Responsabilidad Ambiental y Social"},"content":{"rendered":"<div data-elementor-type=\"wp-page\" data-elementor-id=\"9894\" class=\"elementor elementor-9894\">\n\t\t\t\t<div class=\"elementor-element elementor-element-32d0d920 e-con-full e-flex parallax_section_no qode_elementor_container_no e-con e-parent\" data-id=\"32d0d920\" data-element_type=\"container\" data-settings=\"{&quot;background_background&quot;:&quot;classic&quot;}\">\n\t\t\t\t<\/div>\n\t\t<div class=\"elementor-element elementor-element-4928e1d e-flex e-con-boxed parallax_section_no qode_elementor_container_no e-con e-parent\" data-id=\"4928e1d\" data-element_type=\"container\" data-settings=\"{&quot;background_background&quot;:&quot;classic&quot;}\">\n\t\t\t\t\t<div class=\"e-con-inner\">\n\t\t<div class=\"elementor-element elementor-element-96dbc0c e-con-full e-flex parallax_section_no qode_elementor_container_no elementor-invisible e-con e-child\" data-id=\"96dbc0c\" data-element_type=\"container\" data-settings=\"{&quot;animation&quot;:&quot;fadeInLeft&quot;}\">\n\t\t<div class=\"elementor-element elementor-element-d67be11 e-con-full e-flex parallax_section_no qode_elementor_container_no e-con e-child\" data-id=\"d67be11\" data-element_type=\"container\">\n\t\t\t\t<div class=\"elementor-element elementor-element-bbc5032 elementor-widget__width-initial elementor-widget-divider--view-line elementor-widget elementor-widget-divider\" data-id=\"bbc5032\" data-element_type=\"widget\" data-widget_type=\"divider.default\">\n\t\t\t\t<div class=\"elementor-widget-container\">\n\t\t\t\t\t\t\t<div class=\"elementor-divider\">\n\t\t\t<span class=\"elementor-divider-separator\">\n\t\t\t\t\t\t<\/span>\n\t\t<\/div>\n\t\t\t\t\t\t<\/div>\n\t\t\t\t<\/div>\n\t\t\t\t<div class=\"elementor-element elementor-element-8fcce5c elementor-widget__width-initial elementor-widget elementor-widget-text-editor\" data-id=\"8fcce5c\" data-element_type=\"widget\" data-widget_type=\"text-editor.default\">\n\t\t\t\t<div class=\"elementor-widget-container\">\n\t\t\t\t\t\t\t\t\t<h4><span style=\"color: #eda641;\">CONCIENCIA<\/span><\/h4>\t\t\t\t\t\t\t\t<\/div>\n\t\t\t\t<\/div>\n\t\t\t\t<\/div>\n\t\t\t\t<div class=\"elementor-element elementor-element-640308a elementor-widget elementor-widget-text-editor\" data-id=\"640308a\" data-element_type=\"widget\" data-widget_type=\"text-editor.default\">\n\t\t\t\t<div class=\"elementor-widget-container\">\n\t\t\t\t\t\t\t\t\t<h2>Ambiental y Social<\/h2>\t\t\t\t\t\t\t\t<\/div>\n\t\t\t\t<\/div>\n\t\t\t\t<\/div>\n\t\t<div class=\"elementor-element elementor-element-a300d8f e-con-full animated-slow e-flex parallax_section_no qode_elementor_container_no elementor-invisible e-con e-child\" data-id=\"a300d8f\" data-element_type=\"container\" data-settings=\"{&quot;animation&quot;:&quot;fadeIn&quot;}\">\n\t\t\t\t<div class=\"elementor-element elementor-element-7e8094c elementor-widget elementor-widget-text-editor\" data-id=\"7e8094c\" data-element_type=\"widget\" data-widget_type=\"text-editor.default\">\n\t\t\t\t<div class=\"elementor-widget-container\">\n\t\t\t\t\t\t\t\t\t<p class=\"translation-block\">En <strong>Pump America<\/strong>, creemos que el <strong>\u00e9xito empresarial<\/strong> est\u00e1 intr\u00ednsecamente ligado a la <strong>responsabilidad social y ambiental<\/strong>. Por ello, buscamos activamente contribuir al <strong>desarrollo de nuestra comunidad<\/strong> y a la construcci\u00f3n de un <strong>futuro m\u00e1s sostenible<\/strong>.<\/p>\t\t\t\t\t\t\t\t<\/div>\n\t\t\t\t<\/div>\n\t\t\t\t<\/div>\n\t\t\t\t\t<\/div>\n\t\t\t\t<\/div>\n\t\t<div class=\"elementor-element elementor-element-66108c5 e-flex e-con-boxed parallax_section_no qode_elementor_container_no e-con e-parent\" data-id=\"66108c5\" data-element_type=\"container\">\n\t\t\t\t\t<div class=\"e-con-inner\">\n\t\t<div class=\"elementor-element elementor-element-7f1a282 e-con-full e-flex parallax_section_no qode_elementor_container_no e-con e-child\" data-id=\"7f1a282\" data-element_type=\"container\">\n\t\t\t\t<div class=\"elementor-element elementor-element-138cf86 elementor-widget elementor-widget-text-editor\" data-id=\"138cf86\" data-element_type=\"widget\" data-widget_type=\"text-editor.default\">\n\t\t\t\t<div class=\"elementor-widget-container\">\n\t\t\t\t\t\t\t\t\t<h5><span style=\"color: #294f36;\">Desarrollo Profesional y Educativo<\/span><\/h5>\t\t\t\t\t\t\t\t<\/div>\n\t\t\t\t<\/div>\n\t\t\t\t<div class=\"elementor-element elementor-element-3dede7a elementor-widget elementor-widget-text-editor\" data-id=\"3dede7a\" data-element_type=\"widget\" data-widget_type=\"text-editor.default\">\n\t\t\t\t<div class=\"elementor-widget-container\">\n\t\t\t\t\t\t\t\t\t<p data-sourcepos=\"10:3-10:377\">En colaboraci\u00f3n con el SENAI y la Alcald\u00eda de Linhares, apoyamos el curso de operador de inyectora y extrusora, ofreciendo oportunidades de capacitaci\u00f3n profesional para la comunidad local. Creemos en el poder de la educaci\u00f3n para transformar vidas e impulsar el crecimiento socioecon\u00f3mico de nuestra regi\u00f3n.<\/p>\t\t\t\t\t\t\t\t<\/div>\n\t\t\t\t<\/div>\n\t\t\t\t<div class=\"elementor-element elementor-element-cd0cdf0 animated-slow elementor-invisible elementor-widget elementor-widget-image\" data-id=\"cd0cdf0\" data-element_type=\"widget\" data-settings=\"{&quot;_animation&quot;:&quot;fadeIn&quot;}\" data-widget_type=\"image.default\">\n\t\t\t\t<div class=\"elementor-widget-container\">\n\t\t\t\t\t\t\t\t\t\t\t\t\t\t\t<img fetchpriority=\"high\" decoding=\"async\" width=\"1100\" height=\"885\" src=\"https:\/\/pumpamerica.com.br\/wp-content\/uploads\/2025\/01\/Profissionais.jpg\" class=\"attachment-full size-full wp-image-9912\" alt=\"\" srcset=\"https:\/\/pumpamerica.com.br\/wp-content\/uploads\/2025\/01\/Profissionais.jpg 1100w, https:\/\/pumpamerica.com.br\/wp-content\/uploads\/2025\/01\/Profissionais-300x241.jpg 300w, https:\/\/pumpamerica.com.br\/wp-content\/uploads\/2025\/01\/Profissionais-1024x824.jpg 1024w, https:\/\/pumpamerica.com.br\/wp-content\/uploads\/2025\/01\/Profissionais-768x618.jpg 768w, https:\/\/pumpamerica.com.br\/wp-content\/uploads\/2025\/01\/Profissionais-700x563.jpg 700w, https:\/\/pumpamerica.com.br\/wp-content\/uploads\/2025\/01\/Profissionais-600x483.jpg 600w\" sizes=\"(max-width: 1100px) 100vw, 1100px\" \/>\t\t\t\t\t\t\t\t\t\t\t\t\t\t\t<\/div>\n\t\t\t\t<\/div>\n\t\t\t\t<div class=\"elementor-element elementor-element-1c656a5 elementor-widget elementor-widget-text-editor\" data-id=\"1c656a5\" data-element_type=\"widget\" data-widget_type=\"text-editor.default\">\n\t\t\t\t<div class=\"elementor-widget-container\">\n\t\t\t\t\t\t\t\t\t<p data-sourcepos=\"10:3-10:377\">Invertimos constantemente en entrenamientos y acciones que promuevan la seguridad de nuestros colaboradores, como el entrenamiento pr\u00e1ctico del Plan de Atenci\u00f3n a Emergencias (PAE), realizado en alianza con el SESI. Priorizamos un entorno de trabajo seguro y confiable, donde cada colaborador se sienta protegido y valorado.<\/p>\t\t\t\t\t\t\t\t<\/div>\n\t\t\t\t<\/div>\n\t\t\t\t<\/div>\n\t\t<div class=\"elementor-element elementor-element-b687595 e-con-full e-flex parallax_section_no qode_elementor_container_no e-con e-child\" data-id=\"b687595\" data-element_type=\"container\">\n\t\t\t\t<div class=\"elementor-element elementor-element-2085fd7 elementor-widget elementor-widget-text-editor\" data-id=\"2085fd7\" data-element_type=\"widget\" data-widget_type=\"text-editor.default\">\n\t\t\t\t<div class=\"elementor-widget-container\">\n\t\t\t\t\t\t\t\t\t<h5><span style=\"color: #294f36;\">Producci\u00f3n Eco-consciente<\/span><\/h5>\t\t\t\t\t\t\t\t<\/div>\n\t\t\t\t<\/div>\n\t\t\t\t<div class=\"elementor-element elementor-element-aa8a9f8 elementor-widget elementor-widget-text-editor\" data-id=\"aa8a9f8\" data-element_type=\"widget\" data-widget_type=\"text-editor.default\">\n\t\t\t\t<div class=\"elementor-widget-container\">\n\t\t\t\t\t\t\t\t\t<p data-sourcepos=\"10:3-10:377\">La sostenibilidad es un pilar fundamental en Pump America. Adoptamos pr\u00e1cticas innovadoras para minimizar el impacto ambiental de nuestros procesos, como el sistema cerrado de agua para enfriamiento y la reintegraci\u00f3n de residuos en la producci\u00f3n. Adem\u00e1s, desde 2023 utilizamos energ\u00eda renovable en nuestras instalaciones, proveniente de fuentes e\u00f3licas, h\u00eddricas, solares y de biomasa.<\/p>\t\t\t\t\t\t\t\t<\/div>\n\t\t\t\t<\/div>\n\t\t\t\t<div class=\"elementor-element elementor-element-bcce012 animated-slow elementor-invisible elementor-widget elementor-widget-image\" data-id=\"bcce012\" data-element_type=\"widget\" data-settings=\"{&quot;_animation&quot;:&quot;fadeIn&quot;}\" data-widget_type=\"image.default\">\n\t\t\t\t<div class=\"elementor-widget-container\">\n\t\t\t\t\t\t\t\t\t\t\t\t\t\t\t<img decoding=\"async\" width=\"1100\" height=\"885\" src=\"https:\/\/pumpamerica.com.br\/wp-content\/uploads\/2025\/01\/Consciencia.jpg\" class=\"attachment-full size-full wp-image-9913\" alt=\"\" srcset=\"https:\/\/pumpamerica.com.br\/wp-content\/uploads\/2025\/01\/Consciencia.jpg 1100w, https:\/\/pumpamerica.com.br\/wp-content\/uploads\/2025\/01\/Consciencia-300x241.jpg 300w, https:\/\/pumpamerica.com.br\/wp-content\/uploads\/2025\/01\/Consciencia-1024x824.jpg 1024w, https:\/\/pumpamerica.com.br\/wp-content\/uploads\/2025\/01\/Consciencia-768x618.jpg 768w, https:\/\/pumpamerica.com.br\/wp-content\/uploads\/2025\/01\/Consciencia-700x563.jpg 700w, https:\/\/pumpamerica.com.br\/wp-content\/uploads\/2025\/01\/Consciencia-600x483.jpg 600w\" sizes=\"(max-width: 1100px) 100vw, 1100px\" \/>\t\t\t\t\t\t\t\t\t\t\t\t\t\t\t<\/div>\n\t\t\t\t<\/div>\n\t\t\t\t<div class=\"elementor-element elementor-element-295e5b8 elementor-widget elementor-widget-text-editor\" data-id=\"295e5b8\" data-element_type=\"widget\" data-widget_type=\"text-editor.default\">\n\t\t\t\t<div class=\"elementor-widget-container\">\n\t\t\t\t\t\t\t\t\t<p>Creemos que cada acci\u00f3n, por peque\u00f1a que sea, contribuye a la construcci\u00f3n de un futuro mejor. En Pump America, la responsabilidad ambiental y social es un compromiso diario, y buscamos inspirar a otras empresas a seguir el mismo camino.<\/p>\t\t\t\t\t\t\t\t<\/div>\n\t\t\t\t<\/div>\n\t\t\t\t<\/div>\n\t\t\t\t\t<\/div>\n\t\t\t\t<\/div>\n\t\t<div class=\"elementor-element elementor-element-23f387cc e-con-full e-flex parallax_section_no qode_elementor_container_no elementor-invisible e-con e-parent\" data-id=\"23f387cc\" data-element_type=\"container\" data-settings=\"{&quot;background_background&quot;:&quot;classic&quot;,&quot;animation&quot;:&quot;slideInUp&quot;}\">\n\t\t<div class=\"elementor-element elementor-element-3fb82c56 e-con-full e-flex parallax_section_no qode_elementor_container_no e-con e-child\" data-id=\"3fb82c56\" data-element_type=\"container\">\n\t\t<div class=\"elementor-element elementor-element-6ce6c8d1 e-con-full e-flex parallax_section_no qode_elementor_container_no elementor-invisible e-con e-child\" data-id=\"6ce6c8d1\" data-element_type=\"container\" data-settings=\"{&quot;animation&quot;:&quot;fadeIn&quot;}\">\n\t\t\t\t<div class=\"elementor-element elementor-element-55793d4f elementor-invisible elementor-widget elementor-widget-image\" data-id=\"55793d4f\" data-element_type=\"widget\" data-settings=\"{&quot;_animation&quot;:&quot;fadeIn&quot;}\" data-widget_type=\"image.default\">\n\t\t\t\t<div class=\"elementor-widget-container\">\n\t\t\t\t\t\t\t\t\t\t\t\t\t\t\t<img decoding=\"async\" src=\"https:\/\/pumpamerica.com.br\/wp-content\/uploads\/elementor\/thumbs\/Screenshot-2024-12-11-at-00.35.11-1-rb45jppf87cmbw368mkc999p8l760brdtraxxhxsdi.png\" title=\"Screenshot-2024-12-11-at-00.35.11\" alt=\"Screenshot-2024-12-11-at-00.35.11\" loading=\"lazy\" \/>\t\t\t\t\t\t\t\t\t\t\t\t\t\t\t<\/div>\n\t\t\t\t<\/div>\n\t\t\t\t<\/div>\n\t\t<div class=\"elementor-element elementor-element-e644ec1 e-con-full e-flex parallax_section_no qode_elementor_container_no e-con e-child\" data-id=\"e644ec1\" data-element_type=\"container\" data-settings=\"{&quot;animation&quot;:&quot;none&quot;}\">\n\t\t\t\t<div class=\"elementor-element elementor-element-272753f3 elementor-widget elementor-widget-text-editor\" data-id=\"272753f3\" data-element_type=\"widget\" data-widget_type=\"text-editor.default\">\n\t\t\t\t<div class=\"elementor-widget-container\">\n\t\t\t\t\t\t\t\t\t<h2 class=\"translation-block\"><span style=\"color: #ffffff\">\u00bfHablamos?<br><\/span><\/h2>\t\t\t\t\t\t\t\t<\/div>\n\t\t\t\t<\/div>\n\t\t\t\t<\/div>\n\t\t<div class=\"elementor-element elementor-element-6c7097e7 e-con-full e-flex parallax_section_no qode_elementor_container_no e-con e-child\" data-id=\"6c7097e7\" data-element_type=\"container\">\n\t\t\t\t<div class=\"elementor-element elementor-element-333a502d elementor-widget elementor-widget-text-editor\" data-id=\"333a502d\" data-element_type=\"widget\" data-widget_type=\"text-editor.default\">\n\t\t\t\t<div class=\"elementor-widget-container\">\n\t\t\t\t\t\t\t\t\t<h6><span style=\"color: #ffffff;\">Nuestro equipo est\u00e1 preparado para ayudarte a encontrar la soluci\u00f3n ideal para tu negocio.<\/span><\/h6>\t\t\t\t\t\t\t\t<\/div>\n\t\t\t\t<\/div>\n\t\t\t\t<div class=\"elementor-element elementor-element-22dc146 elementor-widget elementor-widget-bridge_button_v2\" data-id=\"22dc146\" data-element_type=\"widget\" data-widget_type=\"bridge_button_v2.default\">\n\t\t\t\t<div class=\"elementor-widget-container\">\n\t\t\t\t\t\n\n\t<a href=\"https:\/\/wa.me\/+5527992923024\" target=\"_blank\" style=\"color: #FFFFFF;background-color: #5BB452;font-family: montserrat;font-size: 16px;font-weight: 600\" class=\"qode-btn qode-btn-medium qode-btn-solid qode-btn-custom-hover-bg qode-btn-icon qode-btn-icon-square qode-btn-default-hover\" data-hover-bg-color=\"#F8A11B\" >\n\t    <span class=\"qode-btn-text\">Cont\u00e1ctanos<\/span><span class=\"qode-button-v2-icon-holder\"  ><i class=\"qode_icon_font_awesome fa fa-whatsapp qode-button-v2-icon-holder-inner\" ><\/i><\/span>\t<\/a>\n\n\t\t\t\t<\/div>\n\t\t\t\t<\/div>\n\t\t\t\t<\/div>\n\t\t\t\t<\/div>\n\t\t\t\t<\/div>\n\t\t\t\t<\/div>","protected":false},"excerpt":{"rendered":"<p>CONSCI\u00caNCIA Ambiental e Social Na Pump America, acreditamos que o sucesso empresarial est\u00e1 intrinsecamente ligado \u00e0 responsabilidade social e ambiental. Por isso, buscamos ativamente contribuir para o desenvolvimento da nossa comunidade e para a constru\u00e7\u00e3o de um futuro mais sustent\u00e1vel. Desenvolvimento Profissional e Educacional Em&#8230;<\/p>","protected":false},"author":1,"featured_media":0,"parent":0,"menu_order":0,"comment_status":"closed","ping_status":"closed","template":"full_width.php","meta":{"footnotes":""},"class_list":["post-9894","page","type-page","status-publish","hentry"],"_links":{"self":[{"href":"https:\/\/pumpamerica.com.br\/es\/wp-json\/wp\/v2\/pages\/9894","targetHints":{"allow":["GET"]}}],"collection":[{"href":"https:\/\/pumpamerica.com.br\/es\/wp-json\/wp\/v2\/pages"}],"about":[{"href":"https:\/\/pumpamerica.com.br\/es\/wp-json\/wp\/v2\/types\/page"}],"author":[{"embeddable":true,"href":"https:\/\/pumpamerica.com.br\/es\/wp-json\/wp\/v2\/users\/1"}],"replies":[{"embeddable":true,"href":"https:\/\/pumpamerica.com.br\/es\/wp-json\/wp\/v2\/comments?post=9894"}],"version-history":[{"count":5,"href":"https:\/\/pumpamerica.com.br\/es\/wp-json\/wp\/v2\/pages\/9894\/revisions"}],"predecessor-version":[{"id":10835,"href":"https:\/\/pumpamerica.com.br\/es\/wp-json\/wp\/v2\/pages\/9894\/revisions\/10835"}],"wp:attachment":[{"href":"https:\/\/pumpamerica.com.br\/es\/wp-json\/wp\/v2\/media?parent=9894"}],"curies":[{"name":"wp","href":"https:\/\/api.w.org\/{rel}","templated":true}]}}