{"id":10190,"date":"2025-01-24T16:30:17","date_gmt":"2025-01-24T19:30:17","guid":{"rendered":"https:\/\/pump.algodigital.com.br\/?post_type=product&#038;p=10190"},"modified":"2025-07-02T17:40:49","modified_gmt":"2025-07-02T20:40:49","slug":"sr-109","status":"publish","type":"product","link":"https:\/\/pumpamerica.com.br\/en\/product\/sr-109\/","title":{"rendered":"SR-109"},"content":{"rendered":"<div data-elementor-type=\"wp-post\" data-elementor-id=\"10190\" class=\"elementor elementor-10190\">\n\t\t\t\t<div class=\"elementor-element elementor-element-991f76e e-con-full e-flex parallax_section_no qode_elementor_container_no e-con e-parent\" data-id=\"991f76e\" data-element_type=\"container\" data-settings=\"{&quot;background_background&quot;:&quot;classic&quot;}\">\n\t\t\t\t<\/div>\n\t\t<div class=\"elementor-element elementor-element-cd4e29b e-flex e-con-boxed parallax_section_no qode_elementor_container_no e-con e-parent\" data-id=\"cd4e29b\" data-element_type=\"container\" data-settings=\"{&quot;background_background&quot;:&quot;classic&quot;}\">\n\t\t\t\t\t<div class=\"e-con-inner\">\n\t\t<div class=\"elementor-element elementor-element-15e44b80 e-con-full e-flex parallax_section_no qode_elementor_container_no elementor-invisible e-con e-child\" data-id=\"15e44b80\" data-element_type=\"container\" data-settings=\"{&quot;animation&quot;:&quot;fadeInLeft&quot;}\">\n\t\t<div class=\"elementor-element elementor-element-4ed0c20c e-con-full e-flex parallax_section_no qode_elementor_container_no e-con e-child\" data-id=\"4ed0c20c\" data-element_type=\"container\">\n\t\t\t\t<div class=\"elementor-element elementor-element-727aa28f elementor-widget__width-initial elementor-widget-divider--view-line elementor-widget elementor-widget-divider\" data-id=\"727aa28f\" data-element_type=\"widget\" data-widget_type=\"divider.default\">\n\t\t\t\t<div class=\"elementor-widget-container\">\n\t\t\t\t\t\t\t<div class=\"elementor-divider\">\n\t\t\t<span class=\"elementor-divider-separator\">\n\t\t\t\t\t\t<\/span>\n\t\t<\/div>\n\t\t\t\t\t\t<\/div>\n\t\t\t\t<\/div>\n\t\t\t\t<div class=\"elementor-element elementor-element-5bc40e2f elementor-widget__width-initial elementor-widget elementor-widget-text-editor\" data-id=\"5bc40e2f\" data-element_type=\"widget\" data-widget_type=\"text-editor.default\">\n\t\t\t\t<div class=\"elementor-widget-container\">\n\t\t\t\t\t\t\t\t\t<h4><span style=\"color: #eda641\">TRIGGER SPRAYER<\/span><\/h4>\t\t\t\t\t\t\t\t<\/div>\n\t\t\t\t<\/div>\n\t\t\t\t<\/div>\n\t\t<div class=\"elementor-element elementor-element-9235648 e-con-full e-flex parallax_section_no qode_elementor_container_no e-con e-child\" data-id=\"9235648\" data-element_type=\"container\">\n\t\t\t\t<div class=\"elementor-element elementor-element-c1a32b8 elementor-widget elementor-widget-text-editor\" data-id=\"c1a32b8\" data-element_type=\"widget\" data-widget_type=\"text-editor.default\">\n\t\t\t\t<div class=\"elementor-widget-container\">\n\t\t\t\t\t\t\t\t\t<h2>SR-109<\/h2>\t\t\t\t\t\t\t\t<\/div>\n\t\t\t\t<\/div>\n\t\t\t\t<\/div>\n\t\t\t\t<\/div>\n\t\t<div class=\"elementor-element elementor-element-1caaeb3 e-con-full animated-slow e-flex parallax_section_no qode_elementor_container_no elementor-invisible e-con e-child\" data-id=\"1caaeb3\" data-element_type=\"container\" data-settings=\"{&quot;animation&quot;:&quot;fadeIn&quot;}\">\n\t\t\t\t<div class=\"elementor-element elementor-element-2461b9c7 elementor-widget elementor-widget-text-editor\" data-id=\"2461b9c7\" data-element_type=\"widget\" data-widget_type=\"text-editor.default\">\n\t\t\t\t<div class=\"elementor-widget-container\">\n\t\t\t\t\t\t\t\t\t<p class=\"translation-block\">The <strong>SR-109 Mini Trigger<\/strong> is the ideal solution for those seeking <strong>precision and convenience<\/strong> in a <strong>compact design<\/strong>. With a modern and functional design, this model adapts to different types of products, offering maximum control with every application.<\/p>\t\t\t\t\t\t\t\t<\/div>\n\t\t\t\t<\/div>\n\t\t\t\t<\/div>\n\t\t\t\t\t<\/div>\n\t\t\t\t<\/div>\n\t\t<div class=\"elementor-element elementor-element-30848e3 e-flex e-con-boxed parallax_section_no qode_elementor_container_no e-con e-parent\" data-id=\"30848e3\" data-element_type=\"container\" data-settings=\"{&quot;background_background&quot;:&quot;slideshow&quot;,&quot;background_slideshow_gallery&quot;:[],&quot;background_slideshow_slide_duration&quot;:5000,&quot;background_slideshow_slide_transition&quot;:&quot;fade&quot;,&quot;background_slideshow_transition_duration&quot;:500}\">\n\t\t\t\t\t<div class=\"e-con-inner\">\n\t\t<div class=\"elementor-element elementor-element-2633865 e-con-full e-flex parallax_section_no qode_elementor_container_no e-con e-child\" data-id=\"2633865\" data-element_type=\"container\">\n\t\t\t\t<div class=\"elementor-element elementor-element-14096cb elementor-widget__width-initial elementor-widget elementor-widget-bridge_image_gallery\" data-id=\"14096cb\" data-element_type=\"widget\" data-widget_type=\"bridge_image_gallery.default\">\n\t\t\t\t<div class=\"elementor-widget-container\">\n\t\t\t\t\t<div class=\"qode-image-gallery\"><div class=\"qode-image-gallery-inner\"><div class=\"qode-image-gallery-slides drag_enabled flexslider_fade flexslider\" data-interval=\"3\" data-flex_fx=\"fade\"data-control=\"false\"data-direction=\"true\"data-pause-on-hover=\"true\"data-drag=\"true\"><ul class=\"slides\"><li><img decoding=\"async\" itemprop=\"image\" src=\"https:\/\/pumpamerica.com.br\/wp-content\/uploads\/2025\/01\/MG01-1.jpg\" \/><\/li><\/div><\/div><\/div>\t\t\t\t<\/div>\n\t\t\t\t<\/div>\n\t\t\t\t<\/div>\n\t\t<div class=\"elementor-element elementor-element-196d9c1 e-con-full e-flex parallax_section_no qode_elementor_container_no e-con e-child\" data-id=\"196d9c1\" data-element_type=\"container\">\n\t\t\t\t<div class=\"elementor-element elementor-element-0ba0273 elementor-widget elementor-widget-text-editor\" data-id=\"0ba0273\" data-element_type=\"widget\" data-widget_type=\"text-editor.default\">\n\t\t\t\t<div class=\"elementor-widget-container\">\n\t\t\t\t\t\t\t\t\t<p>Widely used in various sectors such as cosmetics, personal hygiene, air fresheners, and automotive.<\/p>\t\t\t\t\t\t\t\t<\/div>\n\t\t\t\t<\/div>\n\t\t\t\t<div class=\"elementor-element elementor-element-2347016 elementor-align-left elementor-list-item-link-full_width elementor-widget elementor-widget-icon-list\" data-id=\"2347016\" data-element_type=\"widget\" data-widget_type=\"icon-list.default\">\n\t\t\t\t<div class=\"elementor-widget-container\">\n\t\t\t\t\t\t\t<ul class=\"elementor-icon-list-items\">\n\t\t\t\t\t\t\t<li class=\"elementor-icon-list-item\">\n\t\t\t\t\t\t\t\t\t\t\t<span class=\"elementor-icon-list-icon\">\n\t\t\t\t\t\t\t<svg aria-hidden=\"true\" class=\"e-font-icon-svg e-fas-check-circle\" viewbox=\"0 0 512 512\" xmlns=\"http:\/\/www.w3.org\/2000\/svg\"><path d=\"M504 256c0 136.967-111.033 248-248 248S8 392.967 8 256 119.033 8 256 8s248 111.033 248 248zM227.314 387.314l184-184c6.248-6.248 6.248-16.379 0-22.627l-22.627-22.627c-6.248-6.249-16.379-6.249-22.628 0L216 308.118l-70.059-70.059c-6.248-6.248-16.379-6.248-22.628 0l-22.627 22.627c-6.248 6.248-6.248 16.379 0 22.627l104 104c6.249 6.249 16.379 6.249 22.628.001z\"><\/path><\/svg>\t\t\t\t\t\t<\/span>\n\t\t\t\t\t\t\t\t\t\t<span class=\"elementor-icon-list-text\">Output: 0.30 \u00b1 0.05 mL\/T<\/span>\n\t\t\t\t\t\t\t\t\t<\/li>\n\t\t\t\t\t\t\t\t<li class=\"elementor-icon-list-item\">\n\t\t\t\t\t\t\t\t\t\t\t<span class=\"elementor-icon-list-icon\">\n\t\t\t\t\t\t\t<svg aria-hidden=\"true\" class=\"e-font-icon-svg e-fas-check-circle\" viewbox=\"0 0 512 512\" xmlns=\"http:\/\/www.w3.org\/2000\/svg\"><path d=\"M504 256c0 136.967-111.033 248-248 248S8 392.967 8 256 119.033 8 256 8s248 111.033 248 248zM227.314 387.314l184-184c6.248-6.248 6.248-16.379 0-22.627l-22.627-22.627c-6.248-6.249-16.379-6.249-22.628 0L216 308.118l-70.059-70.059c-6.248-6.248-16.379-6.248-22.628 0l-22.627 22.627c-6.248 6.248-6.248 16.379 0 22.627l104 104c6.249 6.249 16.379 6.249 22.628.001z\"><\/path><\/svg>\t\t\t\t\t\t<\/span>\n\t\t\t\t\t\t\t\t\t\t<span class=\"elementor-icon-list-text\">Neck Finishes: 20\/410, 24\/410, and 28\/415<\/span>\n\t\t\t\t\t\t\t\t\t<\/li>\n\t\t\t\t\t\t<\/ul>\n\t\t\t\t\t\t<\/div>\n\t\t\t\t<\/div>\n\t\t\t\t<div class=\"elementor-element elementor-element-2940e7c premium-modal-dismissible-yes elementor-widget elementor-widget-premium-addon-modal-box\" data-id=\"2940e7c\" data-element_type=\"widget\" data-settings=\"{&quot;premium_modal_box_animation&quot;:&quot;fadeInDown&quot;}\" data-widget_type=\"premium-addon-modal-box.default\">\n\t\t\t\t<div class=\"elementor-widget-container\">\n\t\t\t\t\t\r\n\t\t<div class=\"premium-modal-box-container\" data-settings=\"{&quot;trigger&quot;:&quot;button&quot;}\">\r\n\t\t\t<div class=\"premium-modal-trigger-container\">\r\n\t\t\t\t\t\t\t\t\t<button data-toggle=\"premium-modal\" data-target=\"#premium-modal-2940e7c\" type=\"button\" class=\"premium-modal-trigger-btn premium-btn-lg premium-button-none\" data-text=\"Fazer Cota\u00e7\u00e3o\">\r\n\r\n\t\t\t\t\t\t\r\n\t\t\t\t\t\t<div class=\"premium-button-text-icon-wrapper\">\r\n\t\t\t\t\t\t\t<span>Request a Quote<\/span>\r\n\t\t\t\t\t\t<\/div>\r\n\r\n\t\t\t\t\t\t\r\n\t\t\t\t\t\t\r\n\t\t\t\t\t\t\r\n\t\t\t\t\t<\/button>\r\n\t\t\t\t\t\t\t<\/div>\r\n\r\n\t\t\t<div id=\"premium-modal-2940e7c\" class=\"premium-modal-box-modal\"\r\n\t\t\trole=\"dialog\"\r\n\t\t\tstyle=\"display: none\"\r\n\t\t\t>\r\n\t\t\t\t<div class=\"premium-modal-box-modal-dialog\" data-delay-animation=\"\" data-modal-animation=\"fadeInDown animated-fast\">\r\n\t\t\t\t\t\t\t\t\t\t<div class=\"premium-modal-box-modal-body\">\r\n\t\t\t\t\t\t<style>.elementor-9523 .elementor-element.elementor-element-4910bdf{--display:flex;--flex-direction:column;--container-widget-width:100%;--container-widget-height:initial;--container-widget-flex-grow:0;--container-widget-align-self:initial;--flex-wrap-mobile:wrap;}.elementor-9523 .elementor-element.elementor-element-4910bdf:not(.elementor-motion-effects-element-type-background), .elementor-9523 .elementor-element.elementor-element-4910bdf > .elementor-motion-effects-container > .elementor-motion-effects-layer{background-color:#E8E8E9;}.elementor-9523 .elementor-element.elementor-element-56799eb > .elementor-widget-container{margin:55px 55px 55px 55px;}.elementor-9523 .elementor-element.elementor-element-56799eb{z-index:9000;}<\/style>\t\t<div data-elementor-type=\"section\" data-elementor-id=\"9523\" class=\"elementor elementor-9523\">\n\t\t\t\t<div class=\"elementor-element elementor-element-4910bdf e-flex e-con-boxed parallax_section_no qode_elementor_container_no e-con e-parent\" data-id=\"4910bdf\" data-element_type=\"container\" data-settings=\"{&quot;background_background&quot;:&quot;classic&quot;}\">\n\t\t\t\t\t<div class=\"e-con-inner\">\n\t\t\t\t<div class=\"elementor-element elementor-element-56799eb elementor-widget elementor-widget-bridge_cf_7\" data-id=\"56799eb\" data-element_type=\"widget\" data-widget_type=\"bridge_cf_7.default\">\n\t\t\t\t<div class=\"elementor-widget-container\">\n\t\t\t\t\t    <div class=\"qode-contact-form-7 qode-contact-form-7-0\">\n    \n<div class=\"wpcf7 no-js\" id=\"wpcf7-f9519-p10190-o1\" lang=\"pt-BR\" dir=\"ltr\" data-wpcf7-id=\"9519\">\n<div class=\"screen-reader-response\"><p role=\"status\" aria-live=\"polite\" aria-atomic=\"true\"><\/p> <ul><\/ul><\/div>\n<form action=\"\/en\/product\/sr-109\/#wpcf7-f9519-p10190-o1\" method=\"post\" class=\"wpcf7-form init cf7_custom_style_1\" aria-label=\"Formul\u00e1rios de contato\" novalidate=\"novalidate\" data-status=\"init\" data-trp-original-action=\"\/es\/produto\/sr-109\/#wpcf7-f9519-p10190-o1\">\n<fieldset class=\"hidden-fields-container\"><input type=\"hidden\" name=\"_wpcf7\" value=\"9519\" \/><input type=\"hidden\" name=\"_wpcf7_version\" value=\"6.1.1\" \/><input type=\"hidden\" name=\"_wpcf7_locale\" value=\"pt_BR\" \/><input type=\"hidden\" name=\"_wpcf7_unit_tag\" value=\"wpcf7-f9519-p10190-o1\" \/><input type=\"hidden\" name=\"_wpcf7_container_post\" value=\"10190\" \/><input type=\"hidden\" name=\"_wpcf7_posted_data_hash\" value=\"\" \/><input type=\"hidden\" name=\"_wpcf7_recaptcha_response\" value=\"\" \/>\n<\/fieldset>\n<label><span class=\"wpcf7-form-control-wrap\" data-name=\"your-name\"><input size=\"40\" maxlength=\"400\" class=\"wpcf7-form-control wpcf7-text wpcf7-validates-as-required\" autocomplete=\"name\" aria-required=\"true\" aria-invalid=\"false\" placeholder=\"Full Name\" value=\"\" type=\"text\" name=\"your-name\" \/><\/span> <\/label>\n\n<label><span class=\"wpcf7-form-control-wrap\" data-name=\"your-email\"><input size=\"40\" maxlength=\"400\" class=\"wpcf7-form-control wpcf7-email wpcf7-validates-as-required wpcf7-text wpcf7-validates-as-email\" autocomplete=\"email\" aria-required=\"true\" aria-invalid=\"false\" placeholder=\"Email\" value=\"\" type=\"email\" name=\"your-email\" \/><\/span> <\/label>\n\n<label><span class=\"wpcf7-form-control-wrap\" data-name=\"tel-234\"><input size=\"40\" maxlength=\"400\" minlength=\"10\" class=\"wpcf7-form-control wpcf7-tel wpcf7-validates-as-required wpcf7-text wpcf7-validates-as-tel phone\" autocomplete=\"tel\" aria-required=\"true\" aria-invalid=\"false\" placeholder=\"Phone (area code + number)\" value=\"\" type=\"tel\" name=\"tel-234\" \/><\/span> <\/label>\n\n<label><span class=\"wpcf7-form-control-wrap\" data-name=\"cnpj\"><input size=\"40\" maxlength=\"400\" class=\"wpcf7-form-control wpcf7-text wpcf7-validates-as-required cnpj\" aria-required=\"true\" aria-invalid=\"false\" placeholder=\"Company ID\" value=\"\" type=\"text\" name=\"cnpj\" \/><\/span> <\/label>\n\n<input class=\"wpcf7-form-control wpcf7-hidden\" id=\"current-url\" value=\"\" type=\"hidden\" name=\"current_url\" \/>\n\n<p class=\"texto-pequeno texto-branco\">By submitting this form, I agree to the Privacy Policy.<\/p>\n\n<input class=\"wpcf7-form-control wpcf7-submit has-spinner\" type=\"submit\" value=\"Request a Quote\" \/><p style=\"display: none !important;\" class=\"akismet-fields-container\" data-prefix=\"_wpcf7_ak_\"><label>&#916;<textarea name=\"_wpcf7_ak_hp_textarea\" cols=\"45\" rows=\"8\" maxlength=\"100\"><\/textarea><\/label><input type=\"hidden\" id=\"ak_js_1\" name=\"_wpcf7_ak_js\" value=\"19\"\/><script>document.getElementById( \"ak_js_1\" ).setAttribute( \"value\", ( new Date() ).getTime() );<\/script><\/p><div class=\"wpcf7-response-output\" aria-hidden=\"true\"><\/div>\n<input type=\"hidden\" name=\"trp-form-language\" value=\"en\"\/><\/form>\n<\/div>\n    <\/div>\n\t\t\t\t<\/div>\n\t\t\t\t<\/div>\n\t\t\t\t\t<\/div>\n\t\t\t\t<\/div>\n\t\t\t\t<\/div>\n\t\t\t\t\t\t\t<\/div>\r\n\t\t\t\t\t\t\t\t\t<\/div>\r\n\t\t\t<\/div>\r\n\t\t<\/div>\r\n\r\n\t\t\t\t\t\t<\/div>\n\t\t\t\t<\/div>\n\t\t\t\t<\/div>\n\t\t\t\t\t<\/div>\n\t\t\t\t<\/div>\n\t\t<div class=\"elementor-element elementor-element-631e6a4f e-con-full e-flex parallax_section_no qode_elementor_container_no elementor-invisible e-con e-parent\" data-id=\"631e6a4f\" data-element_type=\"container\" data-settings=\"{&quot;background_background&quot;:&quot;classic&quot;,&quot;animation&quot;:&quot;slideInUp&quot;}\">\n\t\t<div class=\"elementor-element elementor-element-165a65f1 e-con-full elementor-hidden-tablet elementor-hidden-mobile e-flex parallax_section_no qode_elementor_container_no e-con e-child\" data-id=\"165a65f1\" data-element_type=\"container\">\n\t\t\t\t<div class=\"elementor-element elementor-element-df2103f elementor-hidden-tablet elementor-hidden-mobile elementor-invisible elementor-widget elementor-widget-image\" data-id=\"df2103f\" data-element_type=\"widget\" data-settings=\"{&quot;_animation&quot;:&quot;fadeIn&quot;}\" data-widget_type=\"image.default\">\n\t\t\t\t<div class=\"elementor-widget-container\">\n\t\t\t\t\t\t\t\t\t\t\t\t\t\t\t<img decoding=\"async\" src=\"https:\/\/pumpamerica.com.br\/wp-content\/uploads\/elementor\/thumbs\/Screenshot-2024-12-11-at-00.35.11-1-rb45jppeqnu9vbre7houto2cz6w71z9kifo0a4cvfu.png\" title=\"Screenshot-2024-12-11-at-00.35.11\" alt=\"Screenshot-2024-12-11-at-00.35.11\" loading=\"lazy\" \/>\t\t\t\t\t\t\t\t\t\t\t\t\t\t\t<\/div>\n\t\t\t\t<\/div>\n\t\t\t\t<\/div>\n\t\t<div class=\"elementor-element elementor-element-5b5eab64 e-con-full e-flex parallax_section_no qode_elementor_container_no e-con e-child\" data-id=\"5b5eab64\" data-element_type=\"container\">\n\t\t\t\t<div class=\"elementor-element elementor-element-2ceb31ff elementor-widget elementor-widget-text-editor\" data-id=\"2ceb31ff\" data-element_type=\"widget\" data-widget_type=\"text-editor.default\">\n\t\t\t\t<div class=\"elementor-widget-container\">\n\t\t\t\t\t\t\t\t\t<h2 class=\"translation-block\"><span style=\"color: #ffffff\">Let\u2019s<br>Talk?<\/span><\/h2>\t\t\t\t\t\t\t\t<\/div>\n\t\t\t\t<\/div>\n\t\t\t\t<\/div>\n\t\t<div class=\"elementor-element elementor-element-57b750fd e-con-full e-flex parallax_section_no qode_elementor_container_no e-con e-child\" data-id=\"57b750fd\" data-element_type=\"container\">\n\t\t\t\t<div class=\"elementor-element elementor-element-74f91dc7 elementor-widget elementor-widget-text-editor\" data-id=\"74f91dc7\" data-element_type=\"widget\" data-widget_type=\"text-editor.default\">\n\t\t\t\t<div class=\"elementor-widget-container\">\n\t\t\t\t\t\t\t\t\t<h6><span style=\"color: #ffffff\">Our team is ready to help you find the ideal solution for your business.<\/span><\/h6>\t\t\t\t\t\t\t\t<\/div>\n\t\t\t\t<\/div>\n\t\t\t\t<div class=\"elementor-element elementor-element-add6ea8 elementor-widget elementor-widget-bridge_button_v2\" data-id=\"add6ea8\" data-element_type=\"widget\" data-widget_type=\"bridge_button_v2.default\">\n\t\t\t\t<div class=\"elementor-widget-container\">\n\t\t\t\t\t\n\n\t<a href=\"https:\/\/wa.me\/+5527992923024\" target=\"_blank\" style=\"color: #FFFFFF;background-color: #5BB452;font-family: montserrat;font-size: 16px;font-weight: 600\" class=\"qode-btn qode-btn-medium qode-btn-solid qode-btn-custom-hover-bg qode-btn-icon qode-btn-icon-square qode-btn-default-hover\" data-hover-bg-color=\"#F8A11B\" >\n\t    <span class=\"qode-btn-text\">Contact Us<\/span><span class=\"qode-button-v2-icon-holder\"  ><i class=\"qode_icon_font_awesome fa fa-whatsapp qode-button-v2-icon-holder-inner\" ><\/i><\/span>\t<\/a>\n\n\t\t\t\t<\/div>\n\t\t\t\t<\/div>\n\t\t\t\t<\/div>\n\t\t\t\t<\/div>\n\t\t\t\t<\/div>","protected":false},"excerpt":{"rendered":"<p>TRIGGER SPRAYER SR-109 O Mini Gatilho SR-109 \u00e9 a solu\u00e7\u00e3o ideal para quem busca precis\u00e3o e praticidade em um formato compacto. Com design moderno e funcional, este modelo se adapta a diferentes tipos de produtos, oferecendo o m\u00e1ximo de controle em cada aplica\u00e7\u00e3o. Amplamente utilizado&#8230;<\/p>","protected":false},"featured_media":10192,"comment_status":"open","ping_status":"closed","template":"elementor_header_footer","meta":[],"product_brand":[],"product_cat":[48,41],"product_tag":[],"class_list":{"0":"post-10190","1":"product","2":"type-product","3":"status-publish","4":"has-post-thumbnail","6":"product_cat-mini-gatilho","7":"product_cat-trigger-sprayer","9":"first","10":"instock","11":"shipping-taxable","12":"product-type-simple"},"_links":{"self":[{"href":"https:\/\/pumpamerica.com.br\/en\/wp-json\/wp\/v2\/product\/10190","targetHints":{"allow":["GET"]}}],"collection":[{"href":"https:\/\/pumpamerica.com.br\/en\/wp-json\/wp\/v2\/product"}],"about":[{"href":"https:\/\/pumpamerica.com.br\/en\/wp-json\/wp\/v2\/types\/product"}],"replies":[{"embeddable":true,"href":"https:\/\/pumpamerica.com.br\/en\/wp-json\/wp\/v2\/comments?post=10190"}],"version-history":[{"count":5,"href":"https:\/\/pumpamerica.com.br\/en\/wp-json\/wp\/v2\/product\/10190\/revisions"}],"predecessor-version":[{"id":10995,"href":"https:\/\/pumpamerica.com.br\/en\/wp-json\/wp\/v2\/product\/10190\/revisions\/10995"}],"wp:featuredmedia":[{"embeddable":true,"href":"https:\/\/pumpamerica.com.br\/en\/wp-json\/wp\/v2\/media\/10192"}],"wp:attachment":[{"href":"https:\/\/pumpamerica.com.br\/en\/wp-json\/wp\/v2\/media?parent=10190"}],"wp:term":[{"taxonomy":"product_brand","embeddable":true,"href":"https:\/\/pumpamerica.com.br\/en\/wp-json\/wp\/v2\/product_brand?post=10190"},{"taxonomy":"product_cat","embeddable":true,"href":"https:\/\/pumpamerica.com.br\/en\/wp-json\/wp\/v2\/product_cat?post=10190"},{"taxonomy":"product_tag","embeddable":true,"href":"https:\/\/pumpamerica.com.br\/en\/wp-json\/wp\/v2\/product_tag?post=10190"}],"curies":[{"name":"wp","href":"https:\/\/api.w.org\/{rel}","templated":true}]}}