{"id":10674,"date":"2025-01-26T17:55:11","date_gmt":"2025-01-26T20:55:11","guid":{"rendered":"https:\/\/pump.algodigital.com.br\/?page_id=10674"},"modified":"2025-03-23T11:33:33","modified_gmt":"2025-03-23T14:33:33","slug":"catalogs","status":"publish","type":"page","link":"https:\/\/pumpamerica.com.br\/en\/catalogs\/","title":{"rendered":"Catalogs"},"content":{"rendered":"<div data-elementor-type=\"wp-page\" data-elementor-id=\"10674\" class=\"elementor elementor-10674\">\n\t\t\t\t<div class=\"elementor-element elementor-element-32d0d920 e-con-full e-flex parallax_section_no qode_elementor_container_no e-con e-parent\" data-id=\"32d0d920\" data-element_type=\"container\" data-settings=\"{&quot;background_background&quot;:&quot;classic&quot;}\">\n\t\t\t\t<\/div>\n\t\t<div class=\"elementor-element elementor-element-4928e1d e-flex e-con-boxed parallax_section_no qode_elementor_container_no e-con e-parent\" data-id=\"4928e1d\" data-element_type=\"container\" data-settings=\"{&quot;background_background&quot;:&quot;classic&quot;}\">\n\t\t\t\t\t<div class=\"e-con-inner\">\n\t\t<div class=\"elementor-element elementor-element-96dbc0c e-con-full e-flex parallax_section_no qode_elementor_container_no elementor-invisible e-con e-child\" data-id=\"96dbc0c\" data-element_type=\"container\" data-settings=\"{&quot;animation&quot;:&quot;fadeInLeft&quot;}\">\n\t\t<div class=\"elementor-element elementor-element-d67be11 e-con-full e-flex parallax_section_no qode_elementor_container_no e-con e-child\" data-id=\"d67be11\" data-element_type=\"container\">\n\t\t\t\t<div class=\"elementor-element elementor-element-bbc5032 elementor-widget__width-initial elementor-widget-divider--view-line elementor-widget elementor-widget-divider\" data-id=\"bbc5032\" data-element_type=\"widget\" data-widget_type=\"divider.default\">\n\t\t\t\t<div class=\"elementor-widget-container\">\n\t\t\t\t\t\t\t<div class=\"elementor-divider\">\n\t\t\t<span class=\"elementor-divider-separator\">\n\t\t\t\t\t\t<\/span>\n\t\t<\/div>\n\t\t\t\t\t\t<\/div>\n\t\t\t\t<\/div>\n\t\t\t\t<div class=\"elementor-element elementor-element-8fcce5c elementor-widget__width-initial elementor-widget elementor-widget-text-editor\" data-id=\"8fcce5c\" data-element_type=\"widget\" data-widget_type=\"text-editor.default\">\n\t\t\t\t<div class=\"elementor-widget-container\">\n\t\t\t\t\t\t\t\t\t<h4><span style=\"color: #eda641;\">PRODUCTS<\/span><\/h4>\t\t\t\t\t\t\t\t<\/div>\n\t\t\t\t<\/div>\n\t\t\t\t<\/div>\n\t\t\t\t<div class=\"elementor-element elementor-element-640308a elementor-widget elementor-widget-text-editor\" data-id=\"640308a\" data-element_type=\"widget\" data-widget_type=\"text-editor.default\">\n\t\t\t\t<div class=\"elementor-widget-container\">\n\t\t\t\t\t\t\t\t\t<h2>Catalogs<\/h2>\t\t\t\t\t\t\t\t<\/div>\n\t\t\t\t<\/div>\n\t\t\t\t<\/div>\n\t\t<div class=\"elementor-element elementor-element-a300d8f e-con-full animated-slow e-flex parallax_section_no qode_elementor_container_no elementor-invisible e-con e-child\" data-id=\"a300d8f\" data-element_type=\"container\" data-settings=\"{&quot;animation&quot;:&quot;fadeIn&quot;}\">\n\t\t\t\t<div class=\"elementor-element elementor-element-7e8094c elementor-widget elementor-widget-text-editor\" data-id=\"7e8094c\" data-element_type=\"widget\" data-widget_type=\"text-editor.default\">\n\t\t\t\t<div class=\"elementor-widget-container\">\n\t\t\t\t\t\t\t\t\t<p class=\"translation-block\"><strong>Download our catalogs now<\/strong> and explore the diverse range of products, such as <strong>Trigger Sprayer valves, Lotion Pumps, and Foam Pumps, as well as bottles and kits<\/strong>.<\/p><p>\u00a0<\/p><p>Atrav\u00e9s da <strong>Pump America<\/strong>, voc\u00ea tamb\u00e9m tem <strong>acesso \u00e0 expertise<\/strong> e ao <strong>amplo cat\u00e1logo<\/strong> da <strong>Sun-Rain<\/strong>, com <strong>solu\u00e7\u00f5es personalizadas<\/strong> de alta qualidade, <strong>certificadas ISO 9001 e ISO 14001<\/strong>.<\/p>\t\t\t\t\t\t\t\t<\/div>\n\t\t\t\t<\/div>\n\t\t\t\t<\/div>\n\t\t\t\t\t<\/div>\n\t\t\t\t<\/div>\n\t\t<div class=\"elementor-element elementor-element-24601b4 e-flex e-con-boxed parallax_section_no qode_elementor_container_no e-con e-parent\" data-id=\"24601b4\" data-element_type=\"container\">\n\t\t\t\t\t<div class=\"e-con-inner\">\n\t\t<div class=\"elementor-element elementor-element-e6c00d9 e-con-full e-flex parallax_section_no qode_elementor_container_no e-con e-child\" data-id=\"e6c00d9\" data-element_type=\"container\">\n\t\t\t\t<div class=\"elementor-element elementor-element-23fb078 elementor-invisible elementor-widget elementor-widget-image\" data-id=\"23fb078\" data-element_type=\"widget\" data-settings=\"{&quot;_animation&quot;:&quot;fadeIn&quot;}\" data-widget_type=\"image.default\">\n\t\t\t\t<div class=\"elementor-widget-container\">\n\t\t\t\t\t\t\t\t\t\t\t\t\t\t\t<img fetchpriority=\"high\" decoding=\"async\" width=\"842\" height=\"816\" src=\"https:\/\/pumpamerica.com.br\/wp-content\/uploads\/2025\/01\/Screenshot-2025-01-26-at-23.00.10.png\" class=\"attachment-full size-full wp-image-10709\" alt=\"\" srcset=\"https:\/\/pumpamerica.com.br\/wp-content\/uploads\/2025\/01\/Screenshot-2025-01-26-at-23.00.10.png 842w, https:\/\/pumpamerica.com.br\/wp-content\/uploads\/2025\/01\/Screenshot-2025-01-26-at-23.00.10-300x291.png 300w, https:\/\/pumpamerica.com.br\/wp-content\/uploads\/2025\/01\/Screenshot-2025-01-26-at-23.00.10-768x744.png 768w, https:\/\/pumpamerica.com.br\/wp-content\/uploads\/2025\/01\/Screenshot-2025-01-26-at-23.00.10-700x678.png 700w, https:\/\/pumpamerica.com.br\/wp-content\/uploads\/2025\/01\/Screenshot-2025-01-26-at-23.00.10-600x581.png 600w\" sizes=\"(max-width: 842px) 100vw, 842px\" \/>\t\t\t\t\t\t\t\t\t\t\t\t\t\t\t<\/div>\n\t\t\t\t<\/div>\n\t\t\t\t<\/div>\n\t\t<div class=\"elementor-element elementor-element-d318c62 e-con-full e-flex parallax_section_no qode_elementor_container_no e-con e-child\" data-id=\"d318c62\" data-element_type=\"container\">\n\t\t\t\t<div class=\"elementor-element elementor-element-00eb1b2 elementor-widget elementor-widget-text-editor\" data-id=\"00eb1b2\" data-element_type=\"widget\" data-widget_type=\"text-editor.default\">\n\t\t\t\t<div class=\"elementor-widget-container\">\n\t\t\t\t\t\t\t\t\t<h5>Dispenser Catalog<\/h5><h5>Home &amp; Personal Care<\/h5>\t\t\t\t\t\t\t\t<\/div>\n\t\t\t\t<\/div>\n\t\t\t\t<div class=\"elementor-element elementor-element-285ce47 elementor-widget elementor-widget-bridge_button\" data-id=\"285ce47\" data-element_type=\"widget\" data-widget_type=\"bridge_button.default\">\n\t\t\t\t<div class=\"elementor-widget-container\">\n\t\t\t\t\t<a  itemprop=\"url\" href=\"https:\/\/pumpamerica.com.br\/wp-content\/uploads\/2025\/03\/CatalogoValvulas_PumpAmerica_2024-DIGITAL.pdf\" target=\"_blank\" data-hover-background-color='#294F36' data-hover-border-color='#294F36' data-hover-color='#EDA641' class=\"qbutton  medium center enlarge\" style=\"color: #FFFFFF; border-color: #294F36; font-style: normal; font-weight: 600; font-family: montserrat; text-transform: none; font-size: 16px; border-radius: 20px;-moz-border-radius: 20px;-webkit-border-radius: 20px; background-color: #294F36;\">Download<\/a>\t\t\t\t<\/div>\n\t\t\t\t<\/div>\n\t\t\t\t<\/div>\n\t\t\t\t\t<\/div>\n\t\t\t\t<\/div>\n\t\t<div class=\"elementor-element elementor-element-f0dfdf3 e-flex e-con-boxed parallax_section_no qode_elementor_container_no e-con e-parent\" data-id=\"f0dfdf3\" data-element_type=\"container\">\n\t\t\t\t\t<div class=\"e-con-inner\">\n\t\t<div class=\"elementor-element elementor-element-369d93c e-con-full e-flex parallax_section_no qode_elementor_container_no e-con e-child\" data-id=\"369d93c\" data-element_type=\"container\">\n\t\t\t\t<div class=\"elementor-element elementor-element-eb76765 elementor-invisible elementor-widget elementor-widget-image\" data-id=\"eb76765\" data-element_type=\"widget\" data-settings=\"{&quot;_animation&quot;:&quot;fadeIn&quot;}\" data-widget_type=\"image.default\">\n\t\t\t\t<div class=\"elementor-widget-container\">\n\t\t\t\t\t\t\t\t\t\t\t\t\t\t\t<img decoding=\"async\" width=\"842\" height=\"816\" src=\"https:\/\/pumpamerica.com.br\/wp-content\/uploads\/2025\/03\/Screenshot-2025-01-26-at-23.00.10.jpg\" class=\"attachment-full size-full wp-image-10836\" alt=\"\" srcset=\"https:\/\/pumpamerica.com.br\/wp-content\/uploads\/2025\/03\/Screenshot-2025-01-26-at-23.00.10.jpg 842w, https:\/\/pumpamerica.com.br\/wp-content\/uploads\/2025\/03\/Screenshot-2025-01-26-at-23.00.10-300x291.jpg 300w, https:\/\/pumpamerica.com.br\/wp-content\/uploads\/2025\/03\/Screenshot-2025-01-26-at-23.00.10-768x744.jpg 768w, https:\/\/pumpamerica.com.br\/wp-content\/uploads\/2025\/03\/Screenshot-2025-01-26-at-23.00.10-700x678.jpg 700w, https:\/\/pumpamerica.com.br\/wp-content\/uploads\/2025\/03\/Screenshot-2025-01-26-at-23.00.10-600x581.jpg 600w\" sizes=\"(max-width: 842px) 100vw, 842px\" \/>\t\t\t\t\t\t\t\t\t\t\t\t\t\t\t<\/div>\n\t\t\t\t<\/div>\n\t\t\t\t<\/div>\n\t\t<div class=\"elementor-element elementor-element-257491f e-con-full e-flex parallax_section_no qode_elementor_container_no e-con e-child\" data-id=\"257491f\" data-element_type=\"container\">\n\t\t\t\t<div class=\"elementor-element elementor-element-78abb96 elementor-widget elementor-widget-text-editor\" data-id=\"78abb96\" data-element_type=\"widget\" data-widget_type=\"text-editor.default\">\n\t\t\t\t<div class=\"elementor-widget-container\">\n\t\t\t\t\t\t\t\t\t<h5>Skincare Packaging Catalog<\/h5>\t\t\t\t\t\t\t\t<\/div>\n\t\t\t\t<\/div>\n\t\t\t\t<div class=\"elementor-element elementor-element-f17ec95 elementor-widget elementor-widget-bridge_button\" data-id=\"f17ec95\" data-element_type=\"widget\" data-widget_type=\"bridge_button.default\">\n\t\t\t\t<div class=\"elementor-widget-container\">\n\t\t\t\t\t<a  itemprop=\"url\" href=\"https:\/\/pumpamerica.com.br\/wp-content\/uploads\/2025\/03\/CatalogoFrascos_PumpAmerica_2024-DIGITAL.pdf\" target=\"_blank\" data-hover-background-color='#294F36' data-hover-border-color='#294F36' data-hover-color='#EDA641' class=\"qbutton  medium center enlarge\" style=\"color: #FFFFFF; border-color: #294F36; font-style: normal; font-weight: 600; font-family: montserrat; text-transform: none; font-size: 16px; border-radius: 20px;-moz-border-radius: 20px;-webkit-border-radius: 20px; background-color: #294F36;\">Download<\/a>\t\t\t\t<\/div>\n\t\t\t\t<\/div>\n\t\t\t\t<\/div>\n\t\t\t\t\t<\/div>\n\t\t\t\t<\/div>\n\t\t<div class=\"elementor-element elementor-element-23f387cc e-con-full e-flex parallax_section_no qode_elementor_container_no elementor-invisible e-con e-parent\" data-id=\"23f387cc\" data-element_type=\"container\" data-settings=\"{&quot;background_background&quot;:&quot;classic&quot;,&quot;animation&quot;:&quot;slideInUp&quot;}\">\n\t\t<div class=\"elementor-element elementor-element-3fb82c56 e-con-full e-flex parallax_section_no qode_elementor_container_no e-con e-child\" data-id=\"3fb82c56\" data-element_type=\"container\">\n\t\t<div class=\"elementor-element elementor-element-6ce6c8d1 e-con-full e-flex parallax_section_no qode_elementor_container_no elementor-invisible e-con e-child\" data-id=\"6ce6c8d1\" data-element_type=\"container\" data-settings=\"{&quot;animation&quot;:&quot;fadeIn&quot;}\">\n\t\t\t\t<div class=\"elementor-element elementor-element-55793d4f elementor-invisible elementor-widget elementor-widget-image\" data-id=\"55793d4f\" data-element_type=\"widget\" data-settings=\"{&quot;_animation&quot;:&quot;fadeIn&quot;}\" data-widget_type=\"image.default\">\n\t\t\t\t<div class=\"elementor-widget-container\">\n\t\t\t\t\t\t\t\t\t\t\t\t\t\t\t<img decoding=\"async\" src=\"https:\/\/pumpamerica.com.br\/wp-content\/uploads\/elementor\/thumbs\/Screenshot-2024-12-11-at-00.35.11-1-rb45jppf87cmbw368mkc999p8l760brdtraxxhxsdi.png\" title=\"Screenshot-2024-12-11-at-00.35.11\" alt=\"Screenshot-2024-12-11-at-00.35.11\" loading=\"lazy\" \/>\t\t\t\t\t\t\t\t\t\t\t\t\t\t\t<\/div>\n\t\t\t\t<\/div>\n\t\t\t\t<\/div>\n\t\t<div class=\"elementor-element elementor-element-e644ec1 e-con-full e-flex parallax_section_no qode_elementor_container_no e-con e-child\" data-id=\"e644ec1\" data-element_type=\"container\" data-settings=\"{&quot;animation&quot;:&quot;none&quot;}\">\n\t\t\t\t<div class=\"elementor-element elementor-element-272753f3 elementor-widget elementor-widget-text-editor\" data-id=\"272753f3\" data-element_type=\"widget\" data-widget_type=\"text-editor.default\">\n\t\t\t\t<div class=\"elementor-widget-container\">\n\t\t\t\t\t\t\t\t\t<h2 class=\"translation-block\"><span style=\"color: #ffffff\">Let\u2019s<br>Talk?<\/span><\/h2>\t\t\t\t\t\t\t\t<\/div>\n\t\t\t\t<\/div>\n\t\t\t\t<\/div>\n\t\t<div class=\"elementor-element elementor-element-6c7097e7 e-con-full e-flex parallax_section_no qode_elementor_container_no e-con e-child\" data-id=\"6c7097e7\" data-element_type=\"container\">\n\t\t\t\t<div class=\"elementor-element elementor-element-333a502d elementor-widget elementor-widget-text-editor\" data-id=\"333a502d\" data-element_type=\"widget\" data-widget_type=\"text-editor.default\">\n\t\t\t\t<div class=\"elementor-widget-container\">\n\t\t\t\t\t\t\t\t\t<h6><span style=\"color: #ffffff;\">Our team is ready to help you find the ideal solution for your business.<\/span><\/h6>\t\t\t\t\t\t\t\t<\/div>\n\t\t\t\t<\/div>\n\t\t\t\t<div class=\"elementor-element elementor-element-6623ec6 elementor-widget elementor-widget-bridge_button_v2\" data-id=\"6623ec6\" data-element_type=\"widget\" data-widget_type=\"bridge_button_v2.default\">\n\t\t\t\t<div class=\"elementor-widget-container\">\n\t\t\t\t\t\n\n\t<a href=\"https:\/\/wa.me\/+5527992923024\" target=\"_blank\" style=\"color: #FFFFFF;background-color: #5BB452;font-family: montserrat;font-size: 16px;font-weight: 600\" class=\"qode-btn qode-btn-medium qode-btn-solid qode-btn-custom-hover-bg qode-btn-icon qode-btn-icon-square qode-btn-default-hover\" data-hover-bg-color=\"#F8A11B\" >\n\t    <span class=\"qode-btn-text\">Contact Us<\/span><span class=\"qode-button-v2-icon-holder\"  ><i class=\"qode_icon_font_awesome fa fa-whatsapp qode-button-v2-icon-holder-inner\" ><\/i><\/span>\t<\/a>\n\n\t\t\t\t<\/div>\n\t\t\t\t<\/div>\n\t\t\t\t<\/div>\n\t\t\t\t<\/div>\n\t\t\t\t<\/div>\n\t\t\t\t<\/div>","protected":false},"excerpt":{"rendered":"<p>PRODUTOS Cat\u00e1logos Baixe agora nossos cat\u00e1logos e explore as diversas op\u00e7\u00f5es de produtos, como v\u00e1lvulas Trigger Sprayer, Lotion Pump e Foam Pump, al\u00e9m de frascos e kits. \u00a0 Atrav\u00e9s da Pump America, voc\u00ea tamb\u00e9m tem acesso \u00e0 expertise e ao amplo cat\u00e1logo da Sun-Rain, com&#8230;<\/p>","protected":false},"author":1,"featured_media":0,"parent":0,"menu_order":0,"comment_status":"closed","ping_status":"closed","template":"full_width.php","meta":{"footnotes":""},"class_list":["post-10674","page","type-page","status-publish","hentry"],"_links":{"self":[{"href":"https:\/\/pumpamerica.com.br\/en\/wp-json\/wp\/v2\/pages\/10674","targetHints":{"allow":["GET"]}}],"collection":[{"href":"https:\/\/pumpamerica.com.br\/en\/wp-json\/wp\/v2\/pages"}],"about":[{"href":"https:\/\/pumpamerica.com.br\/en\/wp-json\/wp\/v2\/types\/page"}],"author":[{"embeddable":true,"href":"https:\/\/pumpamerica.com.br\/en\/wp-json\/wp\/v2\/users\/1"}],"replies":[{"embeddable":true,"href":"https:\/\/pumpamerica.com.br\/en\/wp-json\/wp\/v2\/comments?post=10674"}],"version-history":[{"count":5,"href":"https:\/\/pumpamerica.com.br\/en\/wp-json\/wp\/v2\/pages\/10674\/revisions"}],"predecessor-version":[{"id":10844,"href":"https:\/\/pumpamerica.com.br\/en\/wp-json\/wp\/v2\/pages\/10674\/revisions\/10844"}],"wp:attachment":[{"href":"https:\/\/pumpamerica.com.br\/en\/wp-json\/wp\/v2\/media?parent=10674"}],"curies":[{"name":"wp","href":"https:\/\/api.w.org\/{rel}","templated":true}]}}